{"id":193,"date":"2017-10-21T14:43:31","date_gmt":"2017-10-21T14:43:31","guid":{"rendered":"http:\/\/www.garter.cz\/?page_id=193"},"modified":"2017-10-21T14:43:31","modified_gmt":"2017-10-21T14:43:31","slug":"sponzoring","status":"publish","type":"page","link":"https:\/\/www.garter.cz\/index.php\/sponzoring\/","title":{"rendered":"Sponzoring"},"content":{"rendered":"<div class=\"wpb_column vc_column_container vc_col-sm-3\">Jak je v\u00a0mnoha firm\u00e1ch dobr\u00fdm zvykem, sna\u017e\u00edme se i my pom\u00e1hat tam, kde je pot\u0159eba.<\/div>\n<div class=\"vc_row wpb_row section vc_row-fluid\">\n<div class=\" full_section_inner clearfix\">\n<div class=\"wpb_column vc_column_container vc_col-sm-6\">\n<div class=\"vc_column-inner \">\n<div class=\"wpb_wrapper\">\n<div class=\"wpb_text_column wpb_content_element \">\n<div class=\"wpb_wrapper\">\n<p>Sponzoringov\u00e1 strategie spole\u010dnosti GARTER je postavena na my\u0161lence podporovat projekty, do kter\u00fdch jsou p\u0159\u00edmo zapojeni na\u0161i zam\u011bstnanci. Zam\u011b\u0159ujeme se na oblast <strong>kultury, sportu, vzd\u011bl\u00e1v\u00e1n\u00ed a sf\u00e9ru soci\u00e1ln\u00ed<\/strong>. Up\u0159ednost\u0148ujeme projekty konan\u00e9 v <strong>Olomouck\u00e9m kraji<\/strong>, p\u0159edev\u0161\u00edm v \u0160umperku a okol\u00ed.<\/p>\n<p>Krom\u011b finan\u010dn\u00ed podpory poskytujeme i v\u011bcn\u00e9 dary v podob\u011b na\u0161ich v\u00fdrobk\u016f na r\u016fzn\u00e9 maturitn\u00ed nebo obecn\u00ed plesy \u010di sportovn\u00ed akce. B\u011bhem roku se na\u0161e v\u00fdrobky objev\u00ed na p\u0159ibli\u017en\u011b t\u0159iceti akc\u00edch.<\/p>\n<\/div>\n<\/div>\n<\/div>\n<\/div>\n<\/div>\n<\/div>\n<\/div>\n<div class=\"vc_row wpb_row section vc_row-fluid\">\u00a0\u017d\u00e1dosti o sponzoring zas\u00edlejte na <a href=\"mailto:info@garter.cz\">info@garter.cz<\/a><\/div>\n","protected":false},"excerpt":{"rendered":"<p>Jak je v\u00a0mnoha firm\u00e1ch dobr\u00fdm zvykem, sna\u017e\u00edme se i my pom\u00e1hat tam, kde je pot\u0159eba. Sponzoringov\u00e1 strategie spole\u010dnosti GARTER je postavena na my\u0161lence podporovat projekty, do kter\u00fdch jsou p\u0159\u00edmo zapojeni na\u0161i zam\u011bstnanci. Zam\u011b\u0159ujeme se na oblast kultury, sportu, vzd\u011bl\u00e1v\u00e1n\u00ed a sf\u00e9ru soci\u00e1ln\u00ed. Up\u0159ednost\u0148ujeme projekty konan\u00e9 v Olomouck\u00e9m kraji, p\u0159edev\u0161\u00edm v \u0160umperku a okol\u00ed. Krom\u011b finan\u010dn\u00ed&hellip;<\/p>\n","protected":false},"author":1,"featured_media":0,"parent":0,"menu_order":0,"comment_status":"closed","ping_status":"closed","template":"template_parts\/page-fullwidth_template.php","meta":[],"yoast_head":"<!-- This site is optimized with the Yoast SEO plugin v19.12 - https:\/\/yoast.com\/wordpress\/plugins\/seo\/ -->\n<title>Sponzoring | GARTER<\/title>\n<meta name=\"robots\" content=\"index, follow, max-snippet:-1, max-image-preview:large, max-video-preview:-1\" \/>\n<link rel=\"canonical\" href=\"https:\/\/www.garter.cz\/index.php\/sponzoring\/\" \/>\n<meta property=\"og:locale\" content=\"cs_CZ\" \/>\n<meta property=\"og:type\" content=\"article\" \/>\n<meta property=\"og:title\" content=\"Sponzoring | GARTER\" \/>\n<meta property=\"og:description\" content=\"Jak je v\u00a0mnoha firm\u00e1ch dobr\u00fdm zvykem, sna\u017e\u00edme se i my pom\u00e1hat tam, kde je pot\u0159eba. Sponzoringov\u00e1 strategie spole\u010dnosti GARTER je postavena na my\u0161lence podporovat projekty, do kter\u00fdch jsou p\u0159\u00edmo zapojeni na\u0161i zam\u011bstnanci. Zam\u011b\u0159ujeme se na oblast kultury, sportu, vzd\u011bl\u00e1v\u00e1n\u00ed a sf\u00e9ru soci\u00e1ln\u00ed. Up\u0159ednost\u0148ujeme projekty konan\u00e9 v Olomouck\u00e9m kraji, p\u0159edev\u0161\u00edm v \u0160umperku a okol\u00ed. Krom\u011b finan\u010dn\u00ed&hellip;\" \/>\n<meta property=\"og:url\" content=\"https:\/\/www.garter.cz\/index.php\/sponzoring\/\" \/>\n<meta property=\"og:site_name\" content=\"GARTER\" \/>\n<meta property=\"article:publisher\" content=\"https:\/\/www.facebook.com\/Garter-180263639189596\/\" \/>\n<meta name=\"twitter:card\" content=\"summary_large_image\" \/>\n<meta name=\"twitter:label1\" content=\"Odhadovan\u00e1 doba \u010dten\u00ed\" \/>\n\t<meta name=\"twitter:data1\" content=\"1 minuta\" \/>\n<script type=\"application\/ld+json\" class=\"yoast-schema-graph\">{\"@context\":\"https:\/\/schema.org\",\"@graph\":[{\"@type\":\"WebPage\",\"@id\":\"https:\/\/www.garter.cz\/index.php\/sponzoring\/\",\"url\":\"https:\/\/www.garter.cz\/index.php\/sponzoring\/\",\"name\":\"Sponzoring | GARTER\",\"isPartOf\":{\"@id\":\"https:\/\/www.garter.cz\/#website\"},\"datePublished\":\"2017-10-21T14:43:31+00:00\",\"dateModified\":\"2017-10-21T14:43:31+00:00\",\"breadcrumb\":{\"@id\":\"https:\/\/www.garter.cz\/index.php\/sponzoring\/#breadcrumb\"},\"inLanguage\":\"cs\",\"potentialAction\":[{\"@type\":\"ReadAction\",\"target\":[\"https:\/\/www.garter.cz\/index.php\/sponzoring\/\"]}]},{\"@type\":\"BreadcrumbList\",\"@id\":\"https:\/\/www.garter.cz\/index.php\/sponzoring\/#breadcrumb\",\"itemListElement\":[{\"@type\":\"ListItem\",\"position\":1,\"name\":\"Dom\u016f\",\"item\":\"https:\/\/www.garter.cz\/\"},{\"@type\":\"ListItem\",\"position\":2,\"name\":\"Sponzoring\"}]},{\"@type\":\"WebSite\",\"@id\":\"https:\/\/www.garter.cz\/#website\",\"url\":\"https:\/\/www.garter.cz\/\",\"name\":\"GARTER\",\"description\":\"Profesion\u00e1ln\u00ed st\u00edn\u00edc\u00ed technika\",\"publisher\":{\"@id\":\"https:\/\/www.garter.cz\/#organization\"},\"potentialAction\":[{\"@type\":\"SearchAction\",\"target\":{\"@type\":\"EntryPoint\",\"urlTemplate\":\"https:\/\/www.garter.cz\/?s={search_term_string}\"},\"query-input\":\"required name=search_term_string\"}],\"inLanguage\":\"cs\"},{\"@type\":\"Organization\",\"@id\":\"https:\/\/www.garter.cz\/#organization\",\"name\":\"GARTER\",\"url\":\"https:\/\/www.garter.cz\/\",\"logo\":{\"@type\":\"ImageObject\",\"inLanguage\":\"cs\",\"@id\":\"https:\/\/www.garter.cz\/#\/schema\/logo\/image\/\",\"url\":\"https:\/\/www.garter.cz\/wp-content\/uploads\/2017\/10\/logo-pr\u016fhledn\u00e9-e1508868751734.png\",\"contentUrl\":\"https:\/\/www.garter.cz\/wp-content\/uploads\/2017\/10\/logo-pr\u016fhledn\u00e9-e1508868751734.png\",\"width\":50,\"height\":50,\"caption\":\"GARTER\"},\"image\":{\"@id\":\"https:\/\/www.garter.cz\/#\/schema\/logo\/image\/\"},\"sameAs\":[\"https:\/\/www.facebook.com\/Garter-180263639189596\/\"]}]}<\/script>\n<!-- \/ Yoast SEO plugin. -->","yoast_head_json":{"title":"Sponzoring | GARTER","robots":{"index":"index","follow":"follow","max-snippet":"max-snippet:-1","max-image-preview":"max-image-preview:large","max-video-preview":"max-video-preview:-1"},"canonical":"https:\/\/www.garter.cz\/index.php\/sponzoring\/","og_locale":"cs_CZ","og_type":"article","og_title":"Sponzoring | GARTER","og_description":"Jak je v\u00a0mnoha firm\u00e1ch dobr\u00fdm zvykem, sna\u017e\u00edme se i my pom\u00e1hat tam, kde je pot\u0159eba. Sponzoringov\u00e1 strategie spole\u010dnosti GARTER je postavena na my\u0161lence podporovat projekty, do kter\u00fdch jsou p\u0159\u00edmo zapojeni na\u0161i zam\u011bstnanci. Zam\u011b\u0159ujeme se na oblast kultury, sportu, vzd\u011bl\u00e1v\u00e1n\u00ed a sf\u00e9ru soci\u00e1ln\u00ed. Up\u0159ednost\u0148ujeme projekty konan\u00e9 v Olomouck\u00e9m kraji, p\u0159edev\u0161\u00edm v \u0160umperku a okol\u00ed. Krom\u011b finan\u010dn\u00ed&hellip;","og_url":"https:\/\/www.garter.cz\/index.php\/sponzoring\/","og_site_name":"GARTER","article_publisher":"https:\/\/www.facebook.com\/Garter-180263639189596\/","twitter_card":"summary_large_image","twitter_misc":{"Odhadovan\u00e1 doba \u010dten\u00ed":"1 minuta"},"schema":{"@context":"https:\/\/schema.org","@graph":[{"@type":"WebPage","@id":"https:\/\/www.garter.cz\/index.php\/sponzoring\/","url":"https:\/\/www.garter.cz\/index.php\/sponzoring\/","name":"Sponzoring | GARTER","isPartOf":{"@id":"https:\/\/www.garter.cz\/#website"},"datePublished":"2017-10-21T14:43:31+00:00","dateModified":"2017-10-21T14:43:31+00:00","breadcrumb":{"@id":"https:\/\/www.garter.cz\/index.php\/sponzoring\/#breadcrumb"},"inLanguage":"cs","potentialAction":[{"@type":"ReadAction","target":["https:\/\/www.garter.cz\/index.php\/sponzoring\/"]}]},{"@type":"BreadcrumbList","@id":"https:\/\/www.garter.cz\/index.php\/sponzoring\/#breadcrumb","itemListElement":[{"@type":"ListItem","position":1,"name":"Dom\u016f","item":"https:\/\/www.garter.cz\/"},{"@type":"ListItem","position":2,"name":"Sponzoring"}]},{"@type":"WebSite","@id":"https:\/\/www.garter.cz\/#website","url":"https:\/\/www.garter.cz\/","name":"GARTER","description":"Profesion\u00e1ln\u00ed st\u00edn\u00edc\u00ed technika","publisher":{"@id":"https:\/\/www.garter.cz\/#organization"},"potentialAction":[{"@type":"SearchAction","target":{"@type":"EntryPoint","urlTemplate":"https:\/\/www.garter.cz\/?s={search_term_string}"},"query-input":"required name=search_term_string"}],"inLanguage":"cs"},{"@type":"Organization","@id":"https:\/\/www.garter.cz\/#organization","name":"GARTER","url":"https:\/\/www.garter.cz\/","logo":{"@type":"ImageObject","inLanguage":"cs","@id":"https:\/\/www.garter.cz\/#\/schema\/logo\/image\/","url":"https:\/\/www.garter.cz\/wp-content\/uploads\/2017\/10\/logo-pr\u016fhledn\u00e9-e1508868751734.png","contentUrl":"https:\/\/www.garter.cz\/wp-content\/uploads\/2017\/10\/logo-pr\u016fhledn\u00e9-e1508868751734.png","width":50,"height":50,"caption":"GARTER"},"image":{"@id":"https:\/\/www.garter.cz\/#\/schema\/logo\/image\/"},"sameAs":["https:\/\/www.facebook.com\/Garter-180263639189596\/"]}]}},"_links":{"self":[{"href":"https:\/\/www.garter.cz\/index.php\/wp-json\/wp\/v2\/pages\/193"}],"collection":[{"href":"https:\/\/www.garter.cz\/index.php\/wp-json\/wp\/v2\/pages"}],"about":[{"href":"https:\/\/www.garter.cz\/index.php\/wp-json\/wp\/v2\/types\/page"}],"author":[{"embeddable":true,"href":"https:\/\/www.garter.cz\/index.php\/wp-json\/wp\/v2\/users\/1"}],"replies":[{"embeddable":true,"href":"https:\/\/www.garter.cz\/index.php\/wp-json\/wp\/v2\/comments?post=193"}],"version-history":[{"count":1,"href":"https:\/\/www.garter.cz\/index.php\/wp-json\/wp\/v2\/pages\/193\/revisions"}],"predecessor-version":[{"id":194,"href":"https:\/\/www.garter.cz\/index.php\/wp-json\/wp\/v2\/pages\/193\/revisions\/194"}],"wp:attachment":[{"href":"https:\/\/www.garter.cz\/index.php\/wp-json\/wp\/v2\/media?parent=193"}],"curies":[{"name":"wp","href":"https:\/\/api.w.org\/{rel}","templated":true}]}}