{"id":271,"date":"2017-11-08T13:17:55","date_gmt":"2017-11-08T13:17:55","guid":{"rendered":"http:\/\/www.garter.cz\/?page_id=271"},"modified":"2018-04-22T15:32:00","modified_gmt":"2018-04-22T15:32:00","slug":"o-nas","status":"publish","type":"page","link":"https:\/\/www.garter.cz\/index.php\/o-nas\/","title":{"rendered":"O n\u00e1s"},"content":{"rendered":"<p>Zab\u00fdv\u00e1me se prodejem, mont\u00e1\u017e\u00ed a servisem st\u00edn\u00edc\u00ed techniky, do kter\u00e9 pat\u0159\u00ed venkovn\u00ed (p\u0159edokenn\u00ed) rolety, \u017ealuzie a mark\u00fdzy.<\/p>\n<p>Svou \u010dinnost jsme zah\u00e1jili v roce 2014. Nab\u00edzen\u00e9 produkty jsou prvot\u0159\u00eddn\u00ed n\u011bmeck\u00e9 kvality. N\u00e1\u0161 dodavatel (v\u00fdrobce) je dr\u017eitelem\u00a0certifik\u00e1t\u016f kvality \u010cSN EN ISO 9001-2009 a \u010cSN EN ISO 14001:2005. To p\u0159in\u00e1\u0161\u00ed produkty, kter\u00e9 jsou na nejvy\u0161\u0161\u00ed technologick\u00e9 \u00farovni.<\/p>\n<p>Za dobu sv\u00e9 existence jsme uspokojili nepo\u010d\u00edtan\u011b z\u00e1kazn\u00edk\u016f, kte\u0159\u00ed se v\u017edy mohli spolehnout, na dodr\u017een\u00ed stanov\u00fdch term\u00edn\u016f mont\u00e1\u017e\u00ed a kvalitu proveden\u00ed.<\/p>\n<p>&nbsp;<\/p>\n<p style=\"text-align: center;\"><a class=\"maxbutton-2 maxbutton maxbutton-rolety\" title=\"V\u00edce o rolet\u00e1ch\" rel=\"nofollow noopener\" href=\"http:\/\/www.garter.cz\/index.php\/rolety\/\"><span class='mb-text'>Venkovn\u00ed rolety<\/span><\/a>\u00a0 \u00a0 \u00a0<a class=\"maxbutton-3 maxbutton maxbutton-zaluzie\" title=\"V\u00edce o \u017ealuzi\u00edch\" rel=\"nofollow noopener\" href=\"http:\/\/www.garter.cz\/index.php\/zaluzie\/\"><span class='mb-text'>Venkovn\u00ed \u017ealuzie<\/span><\/a>\u00a0 \u00a0 \u00a0<a class=\"maxbutton-4 maxbutton maxbutton-markyzy\" title=\"V\u00edce o mark\u00fdz\u00e1ch\" rel=\"nofollow noopener\" href=\"http:\/\/www.garter.cz\/index.php\/markyzy\/\"><span class='mb-text'>Mark\u00fdzy<\/span><\/a><\/p>\n","protected":false},"excerpt":{"rendered":"<p>Zab\u00fdv\u00e1me se prodejem, mont\u00e1\u017e\u00ed a servisem st\u00edn\u00edc\u00ed techniky, do kter\u00e9 pat\u0159\u00ed venkovn\u00ed (p\u0159edokenn\u00ed) rolety, \u017ealuzie a mark\u00fdzy. Svou \u010dinnost jsme zah\u00e1jili v roce 2014. Nab\u00edzen\u00e9 produkty jsou prvot\u0159\u00eddn\u00ed n\u011bmeck\u00e9 kvality. N\u00e1\u0161 dodavatel (v\u00fdrobce) je dr\u017eitelem\u00a0certifik\u00e1t\u016f kvality \u010cSN EN ISO 9001-2009 a \u010cSN EN ISO 14001:2005. To p\u0159in\u00e1\u0161\u00ed produkty, kter\u00e9 jsou na nejvy\u0161\u0161\u00ed technologick\u00e9 \u00farovni. Za&hellip;<\/p>\n","protected":false},"author":1,"featured_media":0,"parent":0,"menu_order":0,"comment_status":"closed","ping_status":"closed","template":"template_parts\/page-fullwidth_template.php","meta":[],"yoast_head":"<!-- This site is optimized with the Yoast SEO plugin v19.12 - https:\/\/yoast.com\/wordpress\/plugins\/seo\/ -->\n<title>O n\u00e1s | GARTER<\/title>\n<meta name=\"robots\" content=\"index, follow, max-snippet:-1, max-image-preview:large, max-video-preview:-1\" \/>\n<link rel=\"canonical\" href=\"https:\/\/www.garter.cz\/index.php\/o-nas\/\" \/>\n<meta property=\"og:locale\" content=\"cs_CZ\" \/>\n<meta property=\"og:type\" content=\"article\" \/>\n<meta property=\"og:title\" content=\"O n\u00e1s | GARTER\" \/>\n<meta property=\"og:description\" content=\"Zab\u00fdv\u00e1me se prodejem, mont\u00e1\u017e\u00ed a servisem st\u00edn\u00edc\u00ed techniky, do kter\u00e9 pat\u0159\u00ed venkovn\u00ed (p\u0159edokenn\u00ed) rolety, \u017ealuzie a mark\u00fdzy. Svou \u010dinnost jsme zah\u00e1jili v roce 2014. Nab\u00edzen\u00e9 produkty jsou prvot\u0159\u00eddn\u00ed n\u011bmeck\u00e9 kvality. N\u00e1\u0161 dodavatel (v\u00fdrobce) je dr\u017eitelem\u00a0certifik\u00e1t\u016f kvality \u010cSN EN ISO 9001-2009 a \u010cSN EN ISO 14001:2005. To p\u0159in\u00e1\u0161\u00ed produkty, kter\u00e9 jsou na nejvy\u0161\u0161\u00ed technologick\u00e9 \u00farovni. Za&hellip;\" \/>\n<meta property=\"og:url\" content=\"https:\/\/www.garter.cz\/index.php\/o-nas\/\" \/>\n<meta property=\"og:site_name\" content=\"GARTER\" \/>\n<meta property=\"article:publisher\" content=\"https:\/\/www.facebook.com\/Garter-180263639189596\/\" \/>\n<meta property=\"article:modified_time\" content=\"2018-04-22T15:32:00+00:00\" \/>\n<meta name=\"twitter:card\" content=\"summary_large_image\" \/>\n<meta name=\"twitter:label1\" content=\"Odhadovan\u00e1 doba \u010dten\u00ed\" \/>\n\t<meta name=\"twitter:data1\" content=\"1 minuta\" \/>\n<script type=\"application\/ld+json\" class=\"yoast-schema-graph\">{\"@context\":\"https:\/\/schema.org\",\"@graph\":[{\"@type\":\"WebPage\",\"@id\":\"https:\/\/www.garter.cz\/index.php\/o-nas\/\",\"url\":\"https:\/\/www.garter.cz\/index.php\/o-nas\/\",\"name\":\"O n\u00e1s | GARTER\",\"isPartOf\":{\"@id\":\"https:\/\/www.garter.cz\/#website\"},\"datePublished\":\"2017-11-08T13:17:55+00:00\",\"dateModified\":\"2018-04-22T15:32:00+00:00\",\"breadcrumb\":{\"@id\":\"https:\/\/www.garter.cz\/index.php\/o-nas\/#breadcrumb\"},\"inLanguage\":\"cs\",\"potentialAction\":[{\"@type\":\"ReadAction\",\"target\":[\"https:\/\/www.garter.cz\/index.php\/o-nas\/\"]}]},{\"@type\":\"BreadcrumbList\",\"@id\":\"https:\/\/www.garter.cz\/index.php\/o-nas\/#breadcrumb\",\"itemListElement\":[{\"@type\":\"ListItem\",\"position\":1,\"name\":\"Dom\u016f\",\"item\":\"https:\/\/www.garter.cz\/\"},{\"@type\":\"ListItem\",\"position\":2,\"name\":\"O n\u00e1s\"}]},{\"@type\":\"WebSite\",\"@id\":\"https:\/\/www.garter.cz\/#website\",\"url\":\"https:\/\/www.garter.cz\/\",\"name\":\"GARTER\",\"description\":\"Profesion\u00e1ln\u00ed st\u00edn\u00edc\u00ed technika\",\"publisher\":{\"@id\":\"https:\/\/www.garter.cz\/#organization\"},\"potentialAction\":[{\"@type\":\"SearchAction\",\"target\":{\"@type\":\"EntryPoint\",\"urlTemplate\":\"https:\/\/www.garter.cz\/?s={search_term_string}\"},\"query-input\":\"required name=search_term_string\"}],\"inLanguage\":\"cs\"},{\"@type\":\"Organization\",\"@id\":\"https:\/\/www.garter.cz\/#organization\",\"name\":\"GARTER\",\"url\":\"https:\/\/www.garter.cz\/\",\"logo\":{\"@type\":\"ImageObject\",\"inLanguage\":\"cs\",\"@id\":\"https:\/\/www.garter.cz\/#\/schema\/logo\/image\/\",\"url\":\"https:\/\/www.garter.cz\/wp-content\/uploads\/2017\/10\/logo-pr\u016fhledn\u00e9-e1508868751734.png\",\"contentUrl\":\"https:\/\/www.garter.cz\/wp-content\/uploads\/2017\/10\/logo-pr\u016fhledn\u00e9-e1508868751734.png\",\"width\":50,\"height\":50,\"caption\":\"GARTER\"},\"image\":{\"@id\":\"https:\/\/www.garter.cz\/#\/schema\/logo\/image\/\"},\"sameAs\":[\"https:\/\/www.facebook.com\/Garter-180263639189596\/\"]}]}<\/script>\n<!-- \/ Yoast SEO plugin. -->","yoast_head_json":{"title":"O n\u00e1s | GARTER","robots":{"index":"index","follow":"follow","max-snippet":"max-snippet:-1","max-image-preview":"max-image-preview:large","max-video-preview":"max-video-preview:-1"},"canonical":"https:\/\/www.garter.cz\/index.php\/o-nas\/","og_locale":"cs_CZ","og_type":"article","og_title":"O n\u00e1s | GARTER","og_description":"Zab\u00fdv\u00e1me se prodejem, mont\u00e1\u017e\u00ed a servisem st\u00edn\u00edc\u00ed techniky, do kter\u00e9 pat\u0159\u00ed venkovn\u00ed (p\u0159edokenn\u00ed) rolety, \u017ealuzie a mark\u00fdzy. Svou \u010dinnost jsme zah\u00e1jili v roce 2014. Nab\u00edzen\u00e9 produkty jsou prvot\u0159\u00eddn\u00ed n\u011bmeck\u00e9 kvality. N\u00e1\u0161 dodavatel (v\u00fdrobce) je dr\u017eitelem\u00a0certifik\u00e1t\u016f kvality \u010cSN EN ISO 9001-2009 a \u010cSN EN ISO 14001:2005. To p\u0159in\u00e1\u0161\u00ed produkty, kter\u00e9 jsou na nejvy\u0161\u0161\u00ed technologick\u00e9 \u00farovni. Za&hellip;","og_url":"https:\/\/www.garter.cz\/index.php\/o-nas\/","og_site_name":"GARTER","article_publisher":"https:\/\/www.facebook.com\/Garter-180263639189596\/","article_modified_time":"2018-04-22T15:32:00+00:00","twitter_card":"summary_large_image","twitter_misc":{"Odhadovan\u00e1 doba \u010dten\u00ed":"1 minuta"},"schema":{"@context":"https:\/\/schema.org","@graph":[{"@type":"WebPage","@id":"https:\/\/www.garter.cz\/index.php\/o-nas\/","url":"https:\/\/www.garter.cz\/index.php\/o-nas\/","name":"O n\u00e1s | GARTER","isPartOf":{"@id":"https:\/\/www.garter.cz\/#website"},"datePublished":"2017-11-08T13:17:55+00:00","dateModified":"2018-04-22T15:32:00+00:00","breadcrumb":{"@id":"https:\/\/www.garter.cz\/index.php\/o-nas\/#breadcrumb"},"inLanguage":"cs","potentialAction":[{"@type":"ReadAction","target":["https:\/\/www.garter.cz\/index.php\/o-nas\/"]}]},{"@type":"BreadcrumbList","@id":"https:\/\/www.garter.cz\/index.php\/o-nas\/#breadcrumb","itemListElement":[{"@type":"ListItem","position":1,"name":"Dom\u016f","item":"https:\/\/www.garter.cz\/"},{"@type":"ListItem","position":2,"name":"O n\u00e1s"}]},{"@type":"WebSite","@id":"https:\/\/www.garter.cz\/#website","url":"https:\/\/www.garter.cz\/","name":"GARTER","description":"Profesion\u00e1ln\u00ed st\u00edn\u00edc\u00ed technika","publisher":{"@id":"https:\/\/www.garter.cz\/#organization"},"potentialAction":[{"@type":"SearchAction","target":{"@type":"EntryPoint","urlTemplate":"https:\/\/www.garter.cz\/?s={search_term_string}"},"query-input":"required name=search_term_string"}],"inLanguage":"cs"},{"@type":"Organization","@id":"https:\/\/www.garter.cz\/#organization","name":"GARTER","url":"https:\/\/www.garter.cz\/","logo":{"@type":"ImageObject","inLanguage":"cs","@id":"https:\/\/www.garter.cz\/#\/schema\/logo\/image\/","url":"https:\/\/www.garter.cz\/wp-content\/uploads\/2017\/10\/logo-pr\u016fhledn\u00e9-e1508868751734.png","contentUrl":"https:\/\/www.garter.cz\/wp-content\/uploads\/2017\/10\/logo-pr\u016fhledn\u00e9-e1508868751734.png","width":50,"height":50,"caption":"GARTER"},"image":{"@id":"https:\/\/www.garter.cz\/#\/schema\/logo\/image\/"},"sameAs":["https:\/\/www.facebook.com\/Garter-180263639189596\/"]}]}},"_links":{"self":[{"href":"https:\/\/www.garter.cz\/index.php\/wp-json\/wp\/v2\/pages\/271"}],"collection":[{"href":"https:\/\/www.garter.cz\/index.php\/wp-json\/wp\/v2\/pages"}],"about":[{"href":"https:\/\/www.garter.cz\/index.php\/wp-json\/wp\/v2\/types\/page"}],"author":[{"embeddable":true,"href":"https:\/\/www.garter.cz\/index.php\/wp-json\/wp\/v2\/users\/1"}],"replies":[{"embeddable":true,"href":"https:\/\/www.garter.cz\/index.php\/wp-json\/wp\/v2\/comments?post=271"}],"version-history":[{"count":8,"href":"https:\/\/www.garter.cz\/index.php\/wp-json\/wp\/v2\/pages\/271\/revisions"}],"predecessor-version":[{"id":358,"href":"https:\/\/www.garter.cz\/index.php\/wp-json\/wp\/v2\/pages\/271\/revisions\/358"}],"wp:attachment":[{"href":"https:\/\/www.garter.cz\/index.php\/wp-json\/wp\/v2\/media?parent=271"}],"curies":[{"name":"wp","href":"https:\/\/api.w.org\/{rel}","templated":true}]}}